{"id":410,"date":"2021-01-13T10:59:16","date_gmt":"2021-01-13T09:59:16","guid":{"rendered":"https:\/\/bankingonhumanrights.org\/home-bhr\/"},"modified":"2021-03-03T18:54:30","modified_gmt":"2021-03-03T17:54:30","slug":"home-bhr","status":"publish","type":"page","link":"https:\/\/bankingonhumanrights.org\/it\/","title":{"rendered":"Home BHR"},"content":{"rendered":"<div class=\"container mb20\">\r\n\t\r\n\t\r\n\t<div class=\"row\">\r\n\t\t\r\n\t\t<div class=\"col-md-12 text-center\">\r\n\t\t\t\r\n\t\t\t<span class=\"pre_heading\"><\/span>\r\n\t\t\t<h2 id=\"chi-siamo\">Chi siamo<\/h2>\r\n\t\t\t\r\n\t\t\t\r\n\t\t<\/div> <!--col 8-->\r\n\t\t\r\n\t\t\r\n\t\t\r\n\t\t\r\n\t<\/div> <!--row-->\r\n\t\r\n\t\r\n<\/div><!--container-->\n\n<p><strong>Banking on Human Rights<\/strong> \u00e8 un progetto coordinato da <a href=\"https:\/\/remarc.ec.unipi.it\/\">REMARC<\/a> (Responsible Management Research Center) dell&#8217;Universit\u00e0 di Pisa. REMARC \u00e8 specializzato nella ricerca sui temi del management responsabile e lo sviluppo sostenibile.<\/p>\n\n\n<p><\/p>\n","protected":false},"excerpt":{"rendered":"<p>Banking on Human Rights \u00e8 un progetto coordinato da REMARC (Responsible Management Research Center) dell&#8217;Universit\u00e0 di Pisa. REMARC \u00e8 specializzato nella ricerca sui temi del management responsabile e lo sviluppo&hellip;<\/p>\n","protected":false},"author":1,"featured_media":0,"parent":0,"menu_order":0,"comment_status":"closed","ping_status":"closed","template":"page-template\/homepage.php","meta":{"footnotes":""},"class_list":["post-410","page","type-page","status-publish"],"_links":{"self":[{"href":"https:\/\/bankingonhumanrights.org\/it\/wp-json\/wp\/v2\/pages\/410","targetHints":{"allow":["GET"]}}],"collection":[{"href":"https:\/\/bankingonhumanrights.org\/it\/wp-json\/wp\/v2\/pages"}],"about":[{"href":"https:\/\/bankingonhumanrights.org\/it\/wp-json\/wp\/v2\/types\/page"}],"author":[{"embeddable":true,"href":"https:\/\/bankingonhumanrights.org\/it\/wp-json\/wp\/v2\/users\/1"}],"replies":[{"embeddable":true,"href":"https:\/\/bankingonhumanrights.org\/it\/wp-json\/wp\/v2\/comments?post=410"}],"version-history":[{"count":3,"href":"https:\/\/bankingonhumanrights.org\/it\/wp-json\/wp\/v2\/pages\/410\/revisions"}],"predecessor-version":[{"id":1233,"href":"https:\/\/bankingonhumanrights.org\/it\/wp-json\/wp\/v2\/pages\/410\/revisions\/1233"}],"wp:attachment":[{"href":"https:\/\/bankingonhumanrights.org\/it\/wp-json\/wp\/v2\/media?parent=410"}],"curies":[{"name":"wp","href":"https:\/\/api.w.org\/{rel}","templated":true}]}}